{"id":865,"date":"2025-08-01T12:13:57","date_gmt":"2025-08-01T10:13:57","guid":{"rendered":"https:\/\/gruprecumas.com\/politica-de-privacidad\/"},"modified":"2025-08-01T12:39:26","modified_gmt":"2025-08-01T10:39:26","slug":"politica-de-privacidad","status":"publish","type":"page","link":"https:\/\/gruprecumas.com\/es\/politica-de-privacidad\/","title":{"rendered":"Pol\u00edtica de Privacidad"},"content":{"rendered":"\n<p><strong>1. INTRODUCCI\u00d3N<\/strong><\/p>\n\n<p>Su privacidad es importante para nosotros, por lo que mediante este documento le explicamos qu\u00e9 datos recopilamos de los usuarios, c\u00f3mo los utilizamos y para qu\u00e9 fines, entre otras indicaciones. Los mayores de 14 a\u00f1os podr\u00e1n registrarse como usuarios sin el previo consentimiento de sus padres, tutores o representantes legales. En caso de menores de 14 a\u00f1os o identificados como \u00abincapaces legalmente\u00bb, siempre necesitaremos del consentimiento paterno, o del tutor\/a o representante legal.  <\/p>\n\n<p>Para su informaci\u00f3n, nunca solicitaremos m\u00e1s informaci\u00f3n de la que realmente necesitaremos para los servicios requeridos; nunca la compartiremos con terceros, excepto por obligaci\u00f3n legal o con su autorizaci\u00f3n previa; y nunca utilizaremos sus datos para otra finalidad no indicada previamente.<\/p>\n\n<p>Como usuario, deber\u00e1 leer atentamente esta Pol\u00edtica de privacidad de manera regular, y siempre que introduzca sus datos personales, ya que este documento puede sufrir modificaciones porque el prestador puede modificar cualquier tipo de \u00abinformaci\u00f3n que pudiera aparecer en la web para cumplir con la normativa o actualizar la pol\u00edtica, y sin que exista la\u00bb obligaci\u00f3n de pre-avisar o poner en conocimiento de los usuarios estas obligaciones, siendo suficientes la publicaci\u00f3n en el sitio web del prestador.<\/p>\n\n<p>Recuperacions Masnou, S.L, como responsable del Sitio web, de conformidad con lo dispuesto en el Reglamento (UE) 2016\/679 de 27 de abril de 2016 (RGPD), la Ley Org\u00e1nica 3\/2018 de 5 de diciembre (LOPDGDD) y dem\u00e1s normativa legal vigente en materia de protecci\u00f3n de datos personales, y por la Ley 34\/2002, de 11 de julio, de Servicios de la Sociedad de la Informaci\u00f3n y del Comercio Electr\u00f3nico (LSSICE), le informa que tiene implementadas las medidas de seguridad necesarias, de \u00edndole t\u00e9cnica y organizativas, para garantizar y proteger la confidencialidad, integridad y disponibilidad de los datos introducidos.<\/p>\n\n<p><strong>2. FINALIDAD DEL TRATAMIENTO<\/strong><\/p>\n\n<p>Sus datos personales solo se utilizar\u00e1n para las siguientes finalidades:<\/p>\n\n<p>&#8211; Realizar las gestiones comerciales y administrativas necesarias con los usuarios de la web.<\/p>\n\n<p>&#8211; Remitir las comunicaciones comerciales publicitarias por email, fax, SMS, MMS, comunidades sociales o cualquier otro medio electr\u00f3nico o f\u00edsico, en caso de que el \u00abUsuario haya consentido expresamente al\u00bb env\u00edo de comunicaciones comerciales por v\u00eda electr\u00f3nica mediante la suscripci\u00f3n de la NEWSLETTER.<\/p>\n\n<p>&#8211; Responder a las consultas y\/o proporcionar informaciones requeridas por el Usuario.<\/p>\n\n<p>&#8211; Realizar las prestaciones de servicios y\/o productos contratados o suscritos por el Usuario<\/p>\n\n<p>&#8211; Utilizar sus datos para contactarle, tanto por v\u00eda electr\u00f3nica como no electr\u00f3nica, para obtener su opini\u00f3n sobre el servicio prestado y.<\/p>\n\n<p>&#8211; Notificarle cambios, desarrollos importantes de la pol\u00edtica de privacidad, aviso legal o pol\u00edtica de cookies.<\/p>\n\n<p>&#8211; Se realizar\u00e1n an\u00e1lisis de perfiles y de usabilidad.<\/p>\n\n<p>&#8211; Los datos de clientes y\/o proveedores ser\u00e1n tratados, dentro de la relaci\u00f3n contractual que los vincula con el responsable, en cumplimiento de las obligaciones administrativas, fiscales, contables y laborales que sean necesarias en virtud de la legislaci\u00f3n vigente.<\/p>\n\n<p>Puede revocar en cualquier momento su consentimiento remitiendo un escrito con el asunto \u00abBaja\u00bb a <a href=\"mailto:recumas@recumas.com\">recumas@recumas.com<\/a>.<\/p>\n\n<p>De acuerdo con la LSSICE, Recuperacions Masnou, S.L, no realiza pr\u00e1cticas de SPAM, por lo tanto, no env\u00eda correos comerciales por e-mail que no hayan sido previamente solicitados o autorizados por el Usuario. En consecuencia, en todas las comunicaciones que recibir\u00e1 del prestador, el usuario tiene la posibilidad de cancelar su consentimiento expreso para recibir nuestras comunicaciones. No trataremos sus datos personales para ninguna otra finalidad de las descritas salvo por obligaci\u00f3n legal o requerimiento judicial.  <\/p>\n\n<p><strong>3. LEGITIMACI\u00d3N DEL TRATAMIENTO<\/strong><\/p>\n\n<p>La base legal para el tratamiento de los datos es su consentimiento otorgado para llevar a cabo las finalidades anteriormente descritas, que se solicitar\u00e1 en el momento de marcado de la casilla correspondiente a la hora de recoger sus datos.<\/p>\n\n<p>El no facilitar los datos personales solicitados o el no aceptar la presente pol\u00edtica de protecci\u00f3n de datos supone la imposibilidad de suscribirse, registrarse o recibir informaci\u00f3n de los productos y servicios del Prestador.<\/p>\n\n<p>En los casos en que exista una previa relaci\u00f3n contractual entre las partes, la legitimaci\u00f3n para el desarrollo de las obligaciones administrativas, fiscales, contables y laborales que sean necesarias en virtud de la legislaci\u00f3n vigente ser\u00e1 la existencia previa de la relaci\u00f3n comercial establecida entre las partes.<\/p>\n\n<p><strong>4. DESTINATARIOS DE CESIONES O TRANSFERENCIAS<\/strong><\/p>\n\n<p>Recuperacions Masnou, S.L, no lleva a cabo ninguna cesi\u00f3n o comunicaci\u00f3n de datos salvo que exista necesidad razonable para cumplir con un procedimiento judicial, obligaci\u00f3n legal o previa obtenci\u00f3n del consentimiento del usuario.<\/p>\n\n<p>Tampoco se realizar\u00e1n transferencias internacionales de sus datos de car\u00e1cter personal sin su consentimiento previo sin perjuicio de poder bloquear o cancelar su cuenta si puede haber indicios de la comisi\u00f3n de \u00abalg\u00fan delito por parte del\u00bb usuario. La informaci\u00f3n facilitada ser\u00e1 solamente la que disponga en este momento el prestador. <\/p>\n\n<p>Recuperacions Masnou, S.L, no ceder\u00e1 los datos recogidos a terceros salvo que exista necesidad razonable para cumplir con un procedimiento judicial, obligaci\u00f3n legal o previa obtenci\u00f3n del consentimiento del usuario.<\/p>\n\n<p>La informaci\u00f3n que usted nos proporcione tanto a trav\u00e9s de \u00abeste sitio web como a trav\u00e9s de la\u00bb aplicaci\u00f3n ser\u00e1 alojada en los servidores de Recuperacions Masnou, sl, contratados a la \u00abempresa IONOS Cloud S.L.U (de\u00bb ahora en adelante, IONOS) con NIF B85049435 y ubicada en Avenida de La Vega, 1 \u2013 Edificio Veganova (Edif.3 planta 5\u00ba puerta C), 28108, Alcobendas (Madrid), Espa\u00f1a. El tratamiento de los datos de \u00abesta entidad se encuentra regulado mediante un contrato de\u00bb encargado del tratamiento entre el prestador y esta empresa. <\/p>\n\n<p><strong>5. DERECHOS DE LAS PERSONAS INTERESADAS<\/strong><\/p>\n\n<p>Como usuario-interesado, puede solicitar el ejercicio de los siguientes derechos ante Recuperacions Masnou, S.L, presentando un escrito a la direcci\u00f3n postal del encabezamiento o enviando un correo electr\u00f3nico a , indicando como Asunto: \u00abPROTECCI\u00d3N DE DATOS: DERECHOS AFECTADOS\u00bb, y adjuntando fotocopia de su DNI o cualquier medio an\u00e1logo en derecho, tal y como indica la ley.<\/p>\n\n<p>Derechos:<\/p>\n\n<p>\u2022 Derecho de \u00abacceso: permite al\u00bb interesado conocer y obtener informaci\u00f3n sobre sus datos de car\u00e1cter personal sometidos a tratamiento.<\/p>\n\n<p>\u2022 Derecho de rectificaci\u00f3n o supresi\u00f3n: permite corregir errores y modificar los datos que resulten ser inexactos o incompletos.<\/p>\n\n<p>\u2022 Derecho de cancelaci\u00f3n: permite que se supriman los datos que resulten ser inadecuados o excesivos.<\/p>\n\n<p>\u2022 Derecho de \u00aboposici\u00f3n: derecho del\u00bb interesado a que no se lleve a cabo el tratamiento de sus datos de car\u00e1cter personal o se cese en el mismo.<\/p>\n\n<p>\u2022 Limitaci\u00f3n del tratamiento: conlleva el marcado de los datos personales conservados, con la finalidad de limitar su futuro tratamiento.<\/p>\n\n<p>\u2022 Portabilidad de los datos: facilitaci\u00f3n de los datos objeto de tratamiento al interesado, a fin de que este pueda transmitirlos a otro responsable, sin impedimentos.<\/p>\n\n<p>\u2022 Derecho a no ser objeto de decisiones individuales automatizadas (incluida la \u00abelaboraci\u00f3n de perfiles): derecho a no ser objeto de\u00bb una decisi\u00f3n basada en el tratamiento automatizado que produzca efectos o afecte significativamente.<\/p>\n\n<p>Como usuario, tiene derecho a retirar el consentimiento prestado en cualquier momento. La retirada del consentimiento no afectar\u00e1 a la licitud del tratamiento efectuado antes de la retirada del consentimiento. <\/p>\n\n<p>Tambi\u00e9n tiene derecho a presentar una reclamaci\u00f3n ante la autoridad de control si considera que pueden haberse visto vulnerados sus derechos en relaci\u00f3n a la protecci\u00f3n de sus datos (www.agpd.es).<\/p>\n\n<p><strong>6. CONSERVACI\u00d3N DE SUS DATOS<\/strong><\/p>\n\n<p>Sus datos se conservar\u00e1n mientras dure la relaci\u00f3n comercial con nosotros o ejercite su derecho de cancelaci\u00f3n u oposici\u00f3n, o limitaci\u00f3n al tratamiento. Sin embargo, conservaremos determinados datos personales identificativos y del tr\u00e1fico durante el plazo m\u00e1ximo de 2 a\u00f1os para el caso de que fuera requerido por los Jueces y Tribunales o para incoar acciones internas derivadas del uso indebido de la p\u00e1gina web. <\/p>\n\n<p>No ser\u00e1 objeto de decisiones basadas en tratamientos automatizados que produzcan efectos sobre sus datos.<\/p>\n\n<p><strong>7. INFORMACI\u00d3N ADICIONAL<\/strong><\/p>\n\n<p><strong>7.1. Medidas de seguridad<\/strong><\/p>\n\n<p>Los datos que nos facilite se tratar\u00e1n de forma confidencial. El Prestador ha adoptado todas las medidas t\u00e9cnicas y organizativas y todos los niveles de protecci\u00f3n necesarios para garantizar la seguridad en el tratamiento de los datos y evitar su alteraci\u00f3n, p\u00e9rdida, robo, tratamiento o acceso no autorizado, de acuerdo el estado de la tecnolog\u00eda y naturaleza de los datos almacenados. As\u00ed mismo, se garantiza tambi\u00e9n que el tratamiento y registro en ficheros, programas, sistemas o equipos, locales y centros cumplen con los requisitos y condiciones de integridad y seguridad establecidas en la normativa vigente.  <\/p>\n\n<p><strong>7.2. Idioma<\/strong><\/p>\n\n<p>El idioma aplicable a esta Pol\u00edtica de Privacidad es el espa\u00f1ol. Por tanto, en caso de que hubiera alguna contradicci\u00f3n en alguna de las versiones facilitadas en otros idiomas, prevalecer\u00e1 la versi\u00f3n en espa\u00f1ol. <\/p>\n\n<p><strong>7.3. Informaci\u00f3n que recabamos<\/strong><\/p>\n\n<p>Los datos recogidos por parte del responsable son los siguientes:<\/p>\n\n<p>&#8211; Aquellos que los usuarios suministren a trav\u00e9s de los diferentes servicios ofrecidos en la p\u00e1gina web.<\/p>\n\n<p>&#8211; Aquellos incluidos en los diferentes formularios previstos en la p\u00e1gina web.<\/p>\n\n<p>&#8211; Datos recogidos a trav\u00e9s de las \u00abcookies\u00bb para la mejora de la \u00abexperiencia de la navegaci\u00f3n seg\u00fan se\u00bb informa en la pol\u00edtica de cookies.<\/p>\n\n<p>La negativa a suministrar los datos obligatorios supondr\u00e1 la imposibilidad de atender la concreta solicitud de que se trate. Usted manifiesta que la informaci\u00f3n y los datos que nos facilita son exactos, actuales y veraces. Le rogamos que en caso de modificaci\u00f3n, comunique inmediatamente la misma a fin de que la informaci\u00f3n en tratamiento est\u00e9 en todo momento actualizada y no contenga errores. Si contrata el servicio\/compra el producto mediante nuestra p\u00e1gina web http:\/\/www.recumas.com\/ le solicitaremos que nos proporcione informaci\u00f3n sobre usted, incluidos su nombre, datos de contacto e informaci\u00f3n sobre una tarjeta de cr\u00e9dito o de d\u00e9bito.   <\/p>\n\n<p>A trav\u00e9s de \u00abesta Pol\u00edtica de Privacidad le informamos que las fotograf\u00edas que est\u00e9n colgadas en la web son propiedad de Recuperacions Masnou, sl, incluyendo las de los menores, para las que se\u00bb ha tenido que \u00abobtener el consentimiento previo de los padres, tutores o representantes legales mediante la firma de los formularios realizados a este efecto por los centros que el menor forma parte. No obstante, los padres, tutores o representantes de los menores, como titulares del\u00bb ejercicio de los derechos de \u00abestos, y siempre previo requerimiento formal por escrito, pueden indicar la negativa al\u00bb uso de la imagen del menor; en este caso, la imagen se mostrar\u00e1 pixelada. <\/p>\n\n<p><strong>7.4. Redes Sociales<\/strong><\/p>\n\n<p>Le informamos que Recuperacions Masnou, S.L, puede tener presencia en las redes sociales. El tratamiento de los datos que se lleve a cabo de las personas que se hagan seguidoras en las redes sociales (y\/o realicen cualquier v\u00ednculo o acci\u00f3n de conexi\u00f3n a trav\u00e9s de las redes sociales) de las p\u00e1ginas oficiales de Recuperacions Masnou, S.L, se regir\u00e1 por este apartado, as\u00ed como por aquellas condiciones de uso, pol\u00edticas de privacidad y normativas de acceso que pertenezcan a la red social que proceda en cada caso y aceptadas previamente por el usuario. <\/p>\n\n<p>Recuperacions Masnou, S.L, tratar\u00e1 sus datos con las finalidades de \u00abadministrar correctamente su presencia en la red social, inform\u00e1ndole de\u00bb actividades, productos o servicios del prestador, as\u00ed como para cualquier otra finalidad que las normativas de las Redes Sociales permitan. Queda prohibida la publicaci\u00f3n de contenidos: <\/p>\n\n<p>&#8211; Que sean presuntamente il\u00edcitos por la normativa nacional, comunitaria o internacional o que realicen actividades presuntamente il\u00edcitas o contravengan los principios de la buena fe.<\/p>\n\n<p>&#8211; Que atenten contra los derechos fundamentales de las personas, falten a la cortes\u00eda en la red, molesten o puedan generar opiniones negativas en nuestros usuarios o terceros y en general cualquier contenido que Recuperacions Masnou, sl considere inadecuado.<\/p>\n\n<p>&#8211; Y en general que contravengan los principios de legalidad, honradez, responsabilidad, protecci\u00f3n de la dignidad humana, protecci\u00f3n de menores, protecci\u00f3n del orden p\u00fablico, protecci\u00f3n de la vida privada, protecci\u00f3n del consumidor y los derechos de propiedad intelectual e industrial.<\/p>\n\n<p>Asimismo, Recuperacions Masnou, S.L, se reserva la potestad de retirar, sin previo aviso del sitio web o de la red social corporativa aquellos contenidos que se consideren inadecuados.<\/p>\n\n<p>Las comunicaciones remitidas a trav\u00e9s de las redes sociales ser\u00e1n incorporadas a un archivo propiedad de Recuperacions Masnou, S.L, pudi\u00e9ndole enviar informaci\u00f3n de su inter\u00e9s.<\/p>\n\n<p>Puede acceder a m\u00e1s informaci\u00f3n, as\u00ed como consultar las empresas que forman parte de Recuperacions Masnou, S.L, mediante el siguiente enlace: <a href=\"http:\/\/www.recumas.com\/\/politicadeprivacidad\">http:\/\/www.recumas.com\/\/politicadeprivacidad<\/a>.<\/p>\n\n<p>En todo caso, si Ud. remite informaci\u00f3n personal a trav\u00e9s de la red social, Recuperacions Masnou, S.L, quedar\u00e1 exento de responsabilidad en relaci\u00f3n a las medidas de seguridad aplicables a la presente plataforma, debiendo el usuario en caso de querer conocerlas, consultar las correspondientes condiciones particulares de la red en cuesti\u00f3n. <\/p>\n\n<p><strong>7.5. Env\u00edo CV<\/strong><\/p>\n\n<p>En caso de que el usuario env\u00ede su CV a trav\u00e9s de nuestra web, le informamos que los datos aportados ser\u00e1n tratados para hacerle part\u00edcipe de los procesos de selecci\u00f3n que pueda haber, llevando a cabo un an\u00e1lisis del perfil del solicitante con el objetivo de seleccionar al mejor candidato para el puesto vacante del Responsable. Informamos que este es el \u00fanico procedimiento oficial para aceptar su curr\u00edculum, de modo que no se aceptar\u00e1n los curr\u00edculums remitidos por otro procedimiento diferente. En caso de producirse alguna modificaci\u00f3n en los datos, le rogamos nos lo comunique por escrito lo antes posible, con el fin de mantener sus datos debidamente actualizados.  <\/p>\n\n<p>Los datos se conservar\u00e1n durante un plazo m\u00e1ximo de un a\u00f1o. Transcurrido este, se proceder\u00e1 a la supresi\u00f3n de los datos garantiz\u00e1ndole un total respeto a la confidencialidad, tanto en el tratamiento como en su posterior destrucci\u00f3n. En este sentido, transcurrido el mencionado plazo, y si desea continuar participando en los procesos de selecci\u00f3n del Responsable, le rogamos nos remita nuevamente su curr\u00edculum.  <\/p>\n\n<p>Los datos se podr\u00e1n tratar y\/o comunicar a las empresas integrantes de nuestro grupo durante el tiempo de conservaci\u00f3n de su curr\u00edculum y para las mismas finalidades antes informadas.<\/p>\n\n<p><strong>7.6. Suscripci\u00f3n al blog <\/strong><\/p>\n\n<p>En caso de que el usuario se suscriba al blog, le informamos que los datos aportados ser\u00e1n tratados para gestionar su suscripci\u00f3n al blog informativo con aviso de actualizaci\u00f3n y se conservar\u00e1n mientras haya un inter\u00e9s mutuo por mantener el fin del tratamiento. Cuando ya no sea necesario para tal fin, se suprimir\u00e1n con medidas de seguridad adecuadas para garantizar la seudonimizaci\u00f3n de los datos o destrucci\u00f3n total de los mismos. No se comunicar\u00e1n los datos a terceros, excepto obligaci\u00f3n legal.  <\/p>\n\n<p><strong>7.7. Participaci\u00f3n en foros <\/strong><\/p>\n\n<p>En caso de que el usuario quiera participar en los foros de la web, le informamos que los datos aportados ser\u00e1n tratados para regular la participaci\u00f3n en el mismo. Cualquier registro o transmisi\u00f3n de datos personales que el usuario de este foro facilite supone el conocimiento y aceptaci\u00f3n inequ\u00edvoca del Aviso Legal y la Pol\u00edtica de Privacidad expuestos en la p\u00e1gina web. Los datos se conservar\u00e1n mientras haya un inter\u00e9s mutuo por mantener el fin del tratamiento y cuando ya no sea necesario para tal fin, se suprimir\u00e1n con medidas de seguridad adecuadas para garantizar la seudonimizaci\u00f3n de los datos o destrucci\u00f3n total de los mismos. Las publicaciones se mostrar\u00e1n p\u00fablicamente a los usuarios del foro online.   <\/p>\n\n<p><strong>7.8. Publicaci\u00f3n de su testimonio<\/strong><\/p>\n\n<p>En caso de que el usuario desee publicar su opini\u00f3n en la web, le informamos que los datos aportados ser\u00e1n tratados para atender las sugerencias propuestas, experiencias u opiniones respecto a los productos y\/o servicios para ser publicadas en la p\u00e1gina web y as\u00ed poder ayudar a otros usuarios. Los datos se conservar\u00e1n mientras exista un inter\u00e9s mutuo para mantener el fin del tratamiento y cuando ya no sea necesario para tal fin, se suprimir\u00e1n con medidas de seguridad adecuadas para garantizar la seudonimizaci\u00f3n de los datos o su destrucci\u00f3n total. Los testimonios se publicar\u00e1n en nuestra p\u00e1gina web. El \u00fanico dato personal que se publicar\u00e1 del testimonio ser\u00e1 su nombre.   <\/p>\n\n<p><strong>7.9. Cambios en la presente pol\u00edtica de privacidad<\/strong><\/p>\n\n<p>Recuperacions Masnou, S.L, se reserva el derecho a modificar la presente pol\u00edtica para adaptarla a novedades legislativas o jurisprudenciales. <\/p>\n\n<p><strong>7.10. Revocabilidad <\/strong><\/p>\n\n<p>El consentimiento prestado, tanto para el tratamiento como para la cesi\u00f3n de los datos de los interesados, es revocable en cualquier momento comunic\u00e1ndolo a Recuperacions Masnou, S.L, en los t\u00e9rminos establecidos en esta Pol\u00edtica para el ejercicio de los derechos. Esta revocaci\u00f3n en ning\u00fan caso tendr\u00e1 car\u00e1cter retroactivo. <\/p>\n\n<p><strong>7.11. Legislaci\u00f3n <\/strong><\/p>\n\n<p>Con car\u00e1cter general las relaciones entre Recuperacions Masnou, S.L, con los Usuarios de sus servicios telem\u00e1ticos, presentes en esta Web, est\u00e1n sometidas a la legislaci\u00f3n y jurisdicci\u00f3n espa\u00f1ola a la que se someten expresamente las partes, siendo competentes para la resoluci\u00f3n de todos los conflictos derivados o relacionados con su uso los Juzgados y Tribunales de Barcelona.<\/p>\n\n<p><strong>8. CL\u00c1USULA APARTADO DE CONTACTO<\/strong><\/p>\n\n<p>La comunicaci\u00f3n enviada ser\u00e1 objeto de tratamiento por parte del Responsable Recuperacions Masnou, S.L. Esta comunicaci\u00f3n se utilizar\u00e1 exclusivamente para tratar sus datos para atender su solicitud, siempre de conformidad con el Reglamento (UE) 2016\/679 de 27 de abril de 2016 (RGPD), la Ley Org\u00e1nica 3\/2018 de 5 de diciembre (LOPDGDD) y dem\u00e1s normativa legal vigente en materia de protecci\u00f3n de datos personales sobre protecci\u00f3n de datos. Sus datos no se comunicar\u00e1n a terceros, excepto por obligaci\u00f3n legal, y se mantendr\u00e1n mientras no solicite su cancelaci\u00f3n. <\/p>\n\n<p>En cualquier momento usted podr\u00e1 ejercer los derechos de acceso, rectificaci\u00f3n, portabilidad y oposici\u00f3n, y, en su caso, la limitaci\u00f3n y cancelaci\u00f3n, comunic\u00e1ndolo por escrito, indicando sus datos personales a Carretera C-35 KM 67, Pol\u00edgono de Gaserans, Sector 1 17451, Sant Feliu de Buixalleu o mediante el env\u00edo de un correo electr\u00f3nico a recumas@recumas.com.<\/p>\n","protected":false},"excerpt":{"rendered":"<p>1. INTRODUCCI\u00d3N Su privacidad es importante para nosotros, por lo que mediante este documento le explicamos qu\u00e9 datos recopilamos de los usuarios, c\u00f3mo los utilizamos y para qu\u00e9 fines, entre otras indicaciones. Los mayores de 14 a\u00f1os podr\u00e1n registrarse como usuarios sin el previo consentimiento de sus padres, tutores o representantes legales. En caso de [&hellip;]<\/p>\n","protected":false},"author":1,"featured_media":0,"parent":0,"menu_order":0,"comment_status":"closed","ping_status":"closed","template":"","meta":{"footnotes":""},"class_list":["post-865","page","type-page","status-publish","hentry"],"_links":{"self":[{"href":"https:\/\/gruprecumas.com\/es\/wp-json\/wp\/v2\/pages\/865","targetHints":{"allow":["GET"]}}],"collection":[{"href":"https:\/\/gruprecumas.com\/es\/wp-json\/wp\/v2\/pages"}],"about":[{"href":"https:\/\/gruprecumas.com\/es\/wp-json\/wp\/v2\/types\/page"}],"author":[{"embeddable":true,"href":"https:\/\/gruprecumas.com\/es\/wp-json\/wp\/v2\/users\/1"}],"replies":[{"embeddable":true,"href":"https:\/\/gruprecumas.com\/es\/wp-json\/wp\/v2\/comments?post=865"}],"version-history":[{"count":1,"href":"https:\/\/gruprecumas.com\/es\/wp-json\/wp\/v2\/pages\/865\/revisions"}],"predecessor-version":[{"id":866,"href":"https:\/\/gruprecumas.com\/es\/wp-json\/wp\/v2\/pages\/865\/revisions\/866"}],"wp:attachment":[{"href":"https:\/\/gruprecumas.com\/es\/wp-json\/wp\/v2\/media?parent=865"}],"curies":[{"name":"wp","href":"https:\/\/api.w.org\/{rel}","templated":true}]}}