{"id":857,"date":"2025-08-01T12:14:56","date_gmt":"2025-08-01T10:14:56","guid":{"rendered":"https:\/\/gruprecumas.com\/aviso-legal\/"},"modified":"2025-08-01T12:23:55","modified_gmt":"2025-08-01T10:23:55","slug":"aviso-legal","status":"publish","type":"page","link":"https:\/\/gruprecumas.com\/es\/aviso-legal\/","title":{"rendered":"Aviso Legal"},"content":{"rendered":"\n<p>Con el fin de cumplir con el art\u00edculo 10 de la Ley 34\/2002 de Servicios de la Sociedad de la Informaci\u00f3n y del Comercio Electr\u00f3nico, informamos a los usuarios de nuestros datos:<\/p>\n\n<p>Denominaci\u00f3n Social: Recuperacions Masnou, S.L.<\/p>\n\n<p>Domicilio Social: Rec del Mol\u00ed, 3-5, 08470 Sant Celoni (Barcelona)<\/p>\n\n<p>NIF: B60771201<\/p>\n\n<p>Tel\u00e9fono: 938670795<\/p>\n\n<p>E-Mail: recumas@recumas.com<\/p>\n\n<p>Sitio Web: http:\/\/www.recumas.com\/<\/p>\n\n<p>Datos Registrales: Inscrita en el Registro Mercantil de Barcelona &#8211; Folio 002 &#8211; Tomo 27873 &#8211; Hoja n\u00fam. B-126705 &#8211; Inscripci\u00f3n 1\u00aa <\/p>\n\n<p><strong>1. OBJETO<\/strong><\/p>\n\n<p>Recuperacions Masnou, S.L. (en adelante tambi\u00e9n el prestador) como responsable del sitio web, pone a disposici\u00f3n de los usuarios el presente documento que regula el \u201cuso del sitio web http:\/\/www.recumas.com\/, con el que pretendemos dar cumplimiento a las obligaciones dispuestas en la Ley 34\/2002, de Servicios de la Sociedad de la Informaci\u00f3n y del Comercio Electr\u00f3nico (LSSICE o LSSI), as\u00ed como informar a todos los usuarios del sitio web respecto a cu\u00e1les son las condiciones d\u201d uso del sitio web.<\/p>\n\n<p>A trav\u00e9s de la Web, Recuperacions Masnou, S.L. facilita a los usuarios el acceso y la utilizaci\u00f3n de diferentes servicios y contenidos puestos a disposici\u00f3n a trav\u00e9s de la web.<\/p>\n\n<p>Toda persona que acceda a esta web asume el papel de usuario (en adelante usuario), e implica la aceptaci\u00f3n total y sin reservas de todas y cada una de las disposiciones incluidas en este aviso legal, as\u00ed como a cualquier otra disposici\u00f3n legal que sea de aplicaci\u00f3n.<\/p>\n\n<p>Como usuarios, deben leer atentamente este Aviso Legal en cualquiera de las ocasiones que entren en la web, pues esta puede sufrir modificaciones ya que el prestador se reserva el derecho a modificar cualquier tipo d \u201cinformaci\u00f3n que pueda aparecer en la web, sin que exista l\u201d obligaci\u00f3n de preaviso o poner en conocimiento de los usuarios estas obligaciones, siendo suficientes la publicaci\u00f3n en la p\u00e1gina web del prestador.<\/p>\n\n<p><strong>2. CONDICIONES DE ACCESO Y USO DE LA WEB<\/strong><\/p>\n\n<p><strong>2.1. Car\u00e1cter gratuito del acceso y uso de la web<\/strong><\/p>\n\n<p>La prestaci\u00f3n de los servicios por parte de Recuperacions Masnou, S.L. tiene car\u00e1cter gratuito para todos los usuarios. Sin embargo, algunos de los servicios suministrados por el prestador a trav\u00e9s de la web est\u00e1n sujetos al pago de un precio determinado en las condiciones generales de contrataci\u00f3n. <\/p>\n\n<p><strong>2.2. Registro de Usuarios<\/strong><\/p>\n\n<p>Con car\u00e1cter general la prestaci\u00f3n de los servicios no exige la previa suscripci\u00f3n o registro de los usuarios. Sin embargo, Recuperacions Masnou, S.L. condiciona el \u201cuso d\u201d algunos de los servicios a la previa cumplimentaci\u00f3n del correspondiente registro d \u201cusuario. Este registro s\u201d efectuar\u00e1 en la forma expresamente indicada en la propia secci\u00f3n del servicio.  <\/p>\n\n<p><strong>2.3. Veracidad de la informaci\u00f3n<\/strong><\/p>\n\n<p>Toda la informaci\u00f3n que facilita el \u201cusuario debe ser cierta. A estos efectos, el\u201d usuario garantiza la \u201cautenticidad de los datos comunicados a trav\u00e9s de los formularios para la suscripci\u00f3n de los servicios. Ser\u00e1 responsabilidad del\u201d usuario mantener toda la informaci\u00f3n facilitada a Recuperacions Masnou, S.L. permanentemente actualizada de forma que responda, en cada momento, a su situaci\u00f3n real. En todo caso, el \u201cusuario ser\u00e1 el\u201d \u00fanico responsable de las manifestaciones falsas o inexactas que realice y de los perjuicios que cause al prestador o a terceros.   <\/p>\n\n<p><strong>2.4. Menores de edad<\/strong><\/p>\n\n<p>Para el \u201cuso de los servicios, los menores de\u201d edad deben \u201cobtener siempre previamente el consentimiento de los padres, tutores o representantes legales, responsables \u00faltimos de todos los actos realizados por los menores a su cargo. La responsabilidad en la determinaci\u00f3n de contenidos concretos a los que acceden los menores corresponde a aquellos, es por ello que si acceden a contenidos no apropiados por internet, se\u201d deber\u00e1n \u201cestablecer en sus ordenadores mecanismos, en particular programas inform\u00e1ticos, filtros y bloqueos, que permitan limitar los contenidos disponibles y, aunque no sean infalibles, son de\u201d especial utilidad para controlar y restringir los materiales a los que pueden acceder los menores. <\/p>\n\n<p><strong>2.5. Obligaci\u00f3n de hacer un uso correcto de la Web<\/strong><\/p>\n\n<p>El usuario se compromete a utilizar la web de conformidad con la Ley y el presente Aviso Legal, as\u00ed como con la moral y las buenas costumbres. A tal efecto, el usuario se abstendr\u00e1 de utilizar la p\u00e1gina con fines il\u00edcitos o prohibidos, lesivos de derechos e intereses de terceros, o que de cualquier forma puedan da\u00f1ar, inutilizar, sobrecargar, deteriorar o impedir la normal utilizaci\u00f3n de equipos inform\u00e1ticos o documentos, archivos y toda clase de contenidos almacenados en cualquier equipo inform\u00e1tico del prestador. <\/p>\n\n<p>En particular, y a t\u00edtulo indicativo pero no exhaustivo, el usuario se compromete a no transmitir, difundir o poner a disposici\u00f3n de terceros: informaciones, datos, contenidos, mensajes, gr\u00e1ficos, dibujos, archivos de sonido o imagen, fotograf\u00edas, grabaciones, software y, en general, cualquier clase de material que:<\/p>\n\n<p>(a) sea contrario, menosprecie o atente contra los derechos fundamentales y las libertades p\u00fablicas reconocidas constitucionalmente, en tratados internacionales y otras normas vigentes;<\/p>\n\n<p>(b) induzca, incite o promueva actuaciones delictivas, denigrantes, difamatorias, violentas o, en general, contrarias a la ley, a la moral y al orden p\u00fablico;<\/p>\n\n<p>(c) induzca, incite o promueva actuaciones, actitudes o pensamientos discriminatorios por raz\u00f3n de sexo, raza, religi\u00f3n, creencias, edad o condici\u00f3n;<\/p>\n\n<p>(d) sea contrario al derecho al honor, a la intimidad personal o familiar o a la propia imagen de las personas;<\/p>\n\n<p>(e) de cualquier manera perjudique la credibilidad del prestador o de terceros; y<\/p>\n\n<p>(f) constituya publicidad il\u00edcita, enga\u00f1osa o desleal.<\/p>\n\n<p><strong>3. EXCLUSI\u00d3N DE GARANT\u00cdAS Y RESPONSABILIDAD<\/strong><\/p>\n\n<p>El prestador se exime de cualquier tipo de responsabilidad derivada de la informaci\u00f3n publicada en nuestro sitio web, siempre que esta informaci\u00f3n haya sido manipulada o introducida por un tercero ajeno.<\/p>\n\n<p>Esta web ha sido revisada y probada para que funcione correctamente. En principio, se puede garantizar el correcto funcionamiento los 365 d\u00edas del \u201ca\u00f1o, 24 horas al d\u00eda. No obstante, el prestador no descarta la posibilidad de que existan determinados errores de programaci\u00f3n, o que acontezcan causas de fuerza mayor, cat\u00e1strofes naturales, huelgas, o circunstancias semejantes que hagan imposible el\u201d acceso a la p\u00e1gina web.  <\/p>\n\n<p>Recuperacions Masnou, S.L. no otorga ninguna garant\u00eda ni se hace responsable, en ning\u00fan caso, de los da\u00f1os y perjuicios de cualquier naturaleza que pudieran traer causa de la falta de disponibilidad, mantenimiento y efectivo funcionamiento de la web o de sus servicios y contenidos; de la existencia de virus, programas maliciosos o lesivos en los contenidos; del uso il\u00edcito, negligente, fraudulento o contrario a este Aviso Legal y condiciones de uso; o de la falta de licitud, calidad, fiabilidad, utilidad y disponibilidad de los servicios prestados por terceros y puestos a disposici\u00f3n de los usuarios en nuestro sitio web.<\/p>\n\n<p>El prestador no se hace responsable bajo ning\u00fan concepto de los da\u00f1os que puedan dimanar del uso ilegal o indebido de la presente p\u00e1gina web.<\/p>\n\n<p><strong>4. COOKIES<\/strong><\/p>\n\n<p>El sitio web del prestador puede utilizar cookies (peque\u00f1os archivos de informaci\u00f3n que el servidor env\u00eda al ordenador de quien accede a la p\u00e1gina) para llevar a cabo determinadas funciones que son consideradas imprescindibles para el buen funcionamiento y visualizaci\u00f3n del sitio. Las cookies utilizadas tienen, en todo caso, car\u00e1cter temporal, con la \u00fanica finalidad de hacer m\u00e1s eficaz la navegaci\u00f3n, y desaparecen al terminar la sesi\u00f3n del usuario. En ning\u00fan caso se utilizar\u00e1n las cookies para recoger informaci\u00f3n de car\u00e1cter personal. Para m\u00e1s informaci\u00f3n, ver nuestra Pol\u00edtica de Cookies. (enlazar)    <\/p>\n\n<p><strong>5. ENLACES (LINKS)<\/strong><\/p>\n\n<p>Desde el sitio web es posible que se redirija a contenidos patrocinados, anuncios y \/ o enlaces d \u201cafiliados y \/ o de terceras webs. Entre los enlaces facilitados, existe la posibilidad de\u201d informar o hacer referencia a productos y \/ o servicios de terceros. Dado que desde la web no podemos controlar los contenidos introducidos por los terceros, Recuperacions Masnou, S.L. no asume ning\u00fan tipo de responsabilidad respecto a dichos contenidos, ni garantiza la \u201cexperiencia, integridad o calidad de sus productos. En todo caso, el prestador manifiesta que proceder\u00e1 a la retirada inmediata de cualquier contenido que pudiera contravenir la legislaci\u00f3n nacional o internacional, la moral o el\u201d orden p\u00fablico, procediendo a la retirada inmediata de la redirecci\u00f3n a estas webs, poniendo en conocimiento de las autoridades competentes el contenido en cuesti\u00f3n.   <\/p>\n\n<p>Recuperacions Masnou, S.L. tendr\u00e1 publicados estos enlaces hasta que sean eliminados o suspendidos por el prestador o por el anunciante, y no ser\u00e1 responsable aunque estos anuncios puedan ser indexados por otros buscadores ajenos a esta web.<\/p>\n\n<p>El prestador no se responsabiliza de la informaci\u00f3n y contenidos almacenados, a t\u00edtulo enunciativo pero no limitativo, en foros, chats, generadores de blogs, comentarios, redes sociales o cualquier otro medio que permita a terceros publicar contenidos de forma independiente en la p\u00e1gina web del prestador. No obstante y en cumplimiento de lo dispuesto en el art. 11 y 16 de la LSSICE, el prestador se pone a disposici\u00f3n de todos los usuarios, autoridades y fuerzas de seguridad, y colaborando de forma activa en la retirada o, cuando sea necesario, el bloqueo de todos aquellos contenidos que pudieran afectar o contravenir la legislaci\u00f3n nacional, o internacional, derechos de terceros o la moral y el orden p\u00fablico. En caso de que el usuario considere que puede existir alg\u00fan contenido que pudiera ser susceptible de esta clasificaci\u00f3n, se ruega lo notifique de forma inmediata al administrador del sitio web.   <\/p>\n\n<p>Asimismo, Recuperacions Masnou, S.L. le \u201cinforma que cualquier relaci\u00f3n contractual o extracontractual que el\u201d usuario formalice con estos terceros, afiliados o anunciantes mediante el link proporcionado por este web, ser\u00e1 v\u00e1lido \u00fanicamente y exclusivamente entre el \u201cusuario y el\u201d anunciante y \/ o tercera persona y Recuperacions Masnou, S.L. no tendr\u00e1 ning\u00fan tipo de responsabilidad sobre los da\u00f1os o perjuicios que pudieran ser ocasionados por la prestaci\u00f3n de servicios y \/ o relaciones contractuales o extracontractuales realizadas entre el \u201cusuario y los anunciantes o terceros contactados a trav\u00e9s de\u201d este portal ya que el prestador solo act\u00faa como intermediario o medio publicitario.<\/p>\n\n<p><strong>6. PROTECCI\u00d3N DE DATOS PERSONALES<\/strong><\/p>\n\n<p>El prestador est\u00e1 profundamente comprometido con el cumplimiento de la normativa de protecci\u00f3n de datos personales y garantiza el cumplimiento \u00edntegro de las obligaciones dispuestas, as\u00ed como la implementaci\u00f3n de las medidas de seguridad dispuestas en el Reglamento Europeo de Protecci\u00f3n de Datos y la normativa espa\u00f1ola de protecci\u00f3n de datos. Para m\u00e1s informaci\u00f3n, ver nuestra Pol\u00edtica de Privacidad. <\/p>\n\n<p><strong>7. PROPIEDAD INTELECTUAL E INDUSTRIAL<\/strong><\/p>\n\n<p>El sitio web, incluyendo a t\u00edtulo enunciativo pero no limitativo la programaci\u00f3n, edici\u00f3n, compilaci\u00f3n y otros elementos necesarios para su funcionamiento, los dise\u00f1os, logotipos, textos, fotograf\u00edas y\/o gr\u00e1ficos son propiedad del prestador o, en caso de que fuera necesario, dispone de la licencia o autorizaci\u00f3n expresa por parte de los autores. Todos los contenidos del sitio web se encuentran debidamente protegidos por la normativa de propiedad intelectual e industrial. <\/p>\n\n<p>Independientemente de la finalidad para la que fueran destinados, la reproducci\u00f3n total o parcial, uso, distribuci\u00f3n y comunicaci\u00f3n p\u00fablica requieren la \u201cautorizaci\u00f3n escrita previa por parte del prestador. Cualquier uso no autorizado previamente por parte del prestador ser\u00e1 considerado un incumplimiento grave de los derechos de propiedad intelectual o industrial del\u201d autor. <\/p>\n\n<p>Los dise\u00f1os, logotipos, textos y\/o gr\u00e1ficos ajenos al prestador y que pudieran aparecer en el sitio web, pertenecen a sus respectivos propietarios, siendo ellos mismos los responsables de cualquier posible controversia que pudiera suscitarse respecto a los mismos. En todo caso, el prestador cuenta con la autorizaci\u00f3n expresa y previa por parte de los mismos. <\/p>\n\n<p>El prestador reconoce a favor de sus titulares los correspondientes derechos de propiedad industrial e intelectual, no implicando su sola menci\u00f3n o aparici\u00f3n en el sitio web la existencia de derechos o responsabilidad alguna del prestador sobre los mismos, como tampoco respaldo, patrocinio o recomendaci\u00f3n por parte del mismo.<\/p>\n\n<p>Para realizar cualquier tipo de observaci\u00f3n respecto a posibles incumplimientos de los derechos de propiedad intelectual o industrial, as\u00ed como sobre cualquiera de los contenidos del sitio web, puede hacerlo a trav\u00e9s del correo electr\u00f3nico arriba informado.<\/p>\n\n<p><strong>8. LEY APLICABLE Y JURISDICCI\u00d3N<\/strong><\/p>\n\n<p>Para la resoluci\u00f3n de las controversias o cuestiones relacionadas con la presente p\u00e1gina web o de las actividades en esta desarrolladas, ser\u00e1 de aplicaci\u00f3n la legislaci\u00f3n espa\u00f1ola, a la que se someten expresamente las partes, siendo competentes para la resoluci\u00f3n de todos los conflictos derivados o relacionados con su uso los Juzgados y Tribunales de Barcelona.<\/p>\n","protected":false},"excerpt":{"rendered":"<p>Con el fin de cumplir con el art\u00edculo 10 de la Ley 34\/2002 de Servicios de la Sociedad de la Informaci\u00f3n y del Comercio Electr\u00f3nico, informamos a los usuarios de nuestros datos: Denominaci\u00f3n Social: Recuperacions Masnou, S.L. Domicilio Social: Rec del Mol\u00ed, 3-5, 08470 Sant Celoni (Barcelona) NIF: B60771201 Tel\u00e9fono: 938670795 E-Mail: recumas@recumas.com Sitio Web: [&hellip;]<\/p>\n","protected":false},"author":1,"featured_media":0,"parent":0,"menu_order":0,"comment_status":"closed","ping_status":"closed","template":"","meta":{"footnotes":""},"class_list":["post-857","page","type-page","status-publish","hentry"],"_links":{"self":[{"href":"https:\/\/gruprecumas.com\/es\/wp-json\/wp\/v2\/pages\/857","targetHints":{"allow":["GET"]}}],"collection":[{"href":"https:\/\/gruprecumas.com\/es\/wp-json\/wp\/v2\/pages"}],"about":[{"href":"https:\/\/gruprecumas.com\/es\/wp-json\/wp\/v2\/types\/page"}],"author":[{"embeddable":true,"href":"https:\/\/gruprecumas.com\/es\/wp-json\/wp\/v2\/users\/1"}],"replies":[{"embeddable":true,"href":"https:\/\/gruprecumas.com\/es\/wp-json\/wp\/v2\/comments?post=857"}],"version-history":[{"count":1,"href":"https:\/\/gruprecumas.com\/es\/wp-json\/wp\/v2\/pages\/857\/revisions"}],"predecessor-version":[{"id":858,"href":"https:\/\/gruprecumas.com\/es\/wp-json\/wp\/v2\/pages\/857\/revisions\/858"}],"wp:attachment":[{"href":"https:\/\/gruprecumas.com\/es\/wp-json\/wp\/v2\/media?parent=857"}],"curies":[{"name":"wp","href":"https:\/\/api.w.org\/{rel}","templated":true}]}}